{"id":12,"date":"2023-11-02T22:28:08","date_gmt":"2023-11-03T01:28:08","guid":{"rendered":"https:\/\/horizonte2023.tljmkt.com.br\/?page_id=12"},"modified":"2024-02-27T13:43:36","modified_gmt":"2024-02-27T16:43:36","slug":"pg-1-principal","status":"publish","type":"page","link":"http:\/\/horizonte2023.tljmkt.com.br\/","title":{"rendered":"Seu espa\u00e7o de sonho em Mogi Gua\u00e7u com condi\u00e7\u00f5es incr\u00edveis!"},"content":{"rendered":"\n<p class=\"has-mobile-text-align-justify\">O Residencial Horizonte oferece apartamentos com 2 dormit\u00f3rios, vaga de garagem e uma ampla \u00e1rea de lazer, que inclui piscinas, sal\u00e3o de festas, quadra esportiva, academia, brinquedoteca, churrasqueira, pet place e muito mais! Localizado de forma privilegiada em Mogi Gua\u00e7u, o Horizonte est\u00e1 em plena constru\u00e7\u00e3o. Al\u00e9m disso, oferecemos condi\u00e7\u00f5es comerciais excepcionais e contamos com subs\u00eddio do programa federal Minha Casa Minha Vida.<\/p>\n\n\n<style type=\"text\/css\">\r\n\t#foogallery-gallery-11 .fg-image {\r\n        width: 150px;\r\n    }\r\n<\/style>\r\n\t\t\t\t<div class=\"foogallery foogallery-container foogallery-default foogallery-lightbox-foogallery fg-gutter-10 fg-center fg-m-col3 fg-default fg-light fg-loading-default fg-loaded-fade-in fg-caption-hover fg-hover-fade fg-hover-zoom fg-ready\" id=\"foogallery-gallery-11\" data-foogallery=\"{&quot;item&quot;:{&quot;showCaptionTitle&quot;:true,&quot;showCaptionDescription&quot;:true},&quot;lazy&quot;:true}\" >\r\n\t<div class=\"fg-item fg-type-image fg-idle\"><figure class=\"fg-item-inner\"><a data-attachment-id=\"7\" class=\"fg-thumb\"><span class=\"fg-image-wrap\"><img decoding=\"async\" width=\"150\" height=\"150\" class=\"skip-lazy fg-image\" data-src-fg=\"http:\/\/horizonte2023.tljmkt.com.br\/wp-content\/uploads\/2023\/11\/MCMV-premium.webp\" src=\"data:image\/svg+xml,%3Csvg%20xmlns%3D%22http%3A%2F%2Fwww.w3.org%2F2000%2Fsvg%22%20width%3D%22150%22%20height%3D%22150%22%20viewBox%3D%220%200%20150%20150%22%3E%3C%2Fsvg%3E\" loading=\"eager\"><\/span><span class=\"fg-image-overlay\"><\/span><\/a><figcaption class=\"fg-caption\"><div class=\"fg-caption-inner\"><\/div><\/figcaption><\/figure><div class=\"fg-loader\"><\/div><\/div><div class=\"fg-item fg-type-image fg-idle\"><figure class=\"fg-item-inner\"><a data-attachment-id=\"8\" class=\"fg-thumb\"><span class=\"fg-image-wrap\"><img decoding=\"async\" width=\"150\" height=\"150\" class=\"skip-lazy fg-image\" data-src-fg=\"http:\/\/horizonte2023.tljmkt.com.br\/wp-content\/uploads\/2023\/11\/MCMV-acabamento.webp\" src=\"data:image\/svg+xml,%3Csvg%20xmlns%3D%22http%3A%2F%2Fwww.w3.org%2F2000%2Fsvg%22%20width%3D%22150%22%20height%3D%22150%22%20viewBox%3D%220%200%20150%20150%22%3E%3C%2Fsvg%3E\" loading=\"eager\"><\/span><span class=\"fg-image-overlay\"><\/span><\/a><figcaption class=\"fg-caption\"><div class=\"fg-caption-inner\"><\/div><\/figcaption><\/figure><div class=\"fg-loader\"><\/div><\/div><div class=\"fg-item fg-type-image fg-idle\"><figure class=\"fg-item-inner\"><a data-attachment-id=\"9\" class=\"fg-thumb\"><span class=\"fg-image-wrap\"><img decoding=\"async\" width=\"150\" height=\"150\" class=\"skip-lazy fg-image\" data-src-fg=\"http:\/\/horizonte2023.tljmkt.com.br\/wp-content\/uploads\/2023\/11\/MCMV-financiament.webp\" src=\"data:image\/svg+xml,%3Csvg%20xmlns%3D%22http%3A%2F%2Fwww.w3.org%2F2000%2Fsvg%22%20width%3D%22150%22%20height%3D%22150%22%20viewBox%3D%220%200%20150%20150%22%3E%3C%2Fsvg%3E\" loading=\"eager\"><\/span><span class=\"fg-image-overlay\"><\/span><\/a><figcaption class=\"fg-caption\"><div class=\"fg-caption-inner\"><\/div><\/figcaption><\/figure><div class=\"fg-loader\"><\/div><\/div><\/div>\r\n\n","protected":false},"excerpt":{"rendered":"<p>O Residencial Horizonte oferece apartamentos com 2 dormit\u00f3rios, vaga de garagem e uma ampla \u00e1rea de lazer, que inclui piscinas, sal\u00e3o de festas, quadra esportiva, academia, brinquedoteca, churrasqueira, pet place e muito mais! Localizado de forma privilegiada em Mogi Gua\u00e7u, o Horizonte est\u00e1 em plena constru\u00e7\u00e3o. Al\u00e9m disso, oferecemos condi\u00e7\u00f5es comerciais excepcionais e contamos com &hellip; <\/p>\n<p class=\"link-more\"><a href=\"http:\/\/horizonte2023.tljmkt.com.br\/\" class=\"more-link\">Continue lendo<span class=\"screen-reader-text\"> &#8220;Seu espa\u00e7o de sonho em Mogi Gua\u00e7u com condi\u00e7\u00f5es incr\u00edveis!&#8221;<\/span><\/a><\/p>\n","protected":false},"author":1,"featured_media":0,"parent":0,"menu_order":0,"comment_status":"closed","ping_status":"closed","template":"","meta":{"_editorskit_title_hidden":false,"_editorskit_reading_time":0,"_editorskit_is_block_options_detached":false,"_editorskit_block_options_position":"{}","footnotes":""},"class_list":["post-12","page","type-page","status-publish","hentry"],"_links":{"self":[{"href":"http:\/\/horizonte2023.tljmkt.com.br\/index.php?rest_route=\/wp\/v2\/pages\/12","targetHints":{"allow":["GET"]}}],"collection":[{"href":"http:\/\/horizonte2023.tljmkt.com.br\/index.php?rest_route=\/wp\/v2\/pages"}],"about":[{"href":"http:\/\/horizonte2023.tljmkt.com.br\/index.php?rest_route=\/wp\/v2\/types\/page"}],"author":[{"embeddable":true,"href":"http:\/\/horizonte2023.tljmkt.com.br\/index.php?rest_route=\/wp\/v2\/users\/1"}],"replies":[{"embeddable":true,"href":"http:\/\/horizonte2023.tljmkt.com.br\/index.php?rest_route=%2Fwp%2Fv2%2Fcomments&post=12"}],"version-history":[{"count":6,"href":"http:\/\/horizonte2023.tljmkt.com.br\/index.php?rest_route=\/wp\/v2\/pages\/12\/revisions"}],"predecessor-version":[{"id":96,"href":"http:\/\/horizonte2023.tljmkt.com.br\/index.php?rest_route=\/wp\/v2\/pages\/12\/revisions\/96"}],"wp:attachment":[{"href":"http:\/\/horizonte2023.tljmkt.com.br\/index.php?rest_route=%2Fwp%2Fv2%2Fmedia&parent=12"}],"curies":[{"name":"wp","href":"https:\/\/api.w.org\/{rel}","templated":true}]}}